{"id":76,"date":"2021-11-26T09:09:43","date_gmt":"2021-11-26T09:09:43","guid":{"rendered":"https:\/\/restauranteelpuntido.chemabelsue.com\/?page_id=76"},"modified":"2024-08-23T10:39:27","modified_gmt":"2024-08-23T09:39:27","slug":"reservas-del-restaurante-el-puntido","status":"publish","type":"page","link":"https:\/\/www.sierracantabria.com\/restauranteelpuntido\/reservas-del-restaurante-el-puntido\/","title":{"rendered":"Reservas del restaurante"},"content":{"rendered":"\n<h2>\n\t\tReservas\n\t<\/h2>\n\t<iframe loading=\"lazy\"\n                                                                    id=\"restaurante-puntido\" title=\"Reservas\"\n                                                                    src=\"https:\/\/www.covermanager.com\/reservation\/module_restaurant\/restaurante-puntido\/spanish\"\n                                                                    frameborder=\"0\" height=\"550px\" width=\"100%\" onload=\"iFrameResize();\"><\/iframe>\n\t<p>Si no encuentra disponibilidad, contacte con nosotros a trav\u00e9s del <a href=\"tel:0034673588550\">673 588 550<\/a> o env\u00ede un email indicando su n\u00famero de tel\u00e9fono a: <a href=\"mailto:reservas@restauranteelpuntido.com\">reservas@restauranteelpuntido.com<\/a><\/p>\n\t\t<h2>\n\t\t\tTambi\u00e9n puedes\n\t\t<\/h2>\n\t\t\t<a href=\"https:\/\/www.sierracantabria.com\/restauranteelpuntido\/regala-el-puntido\/\" target=\"_self\" rel=\"noopener\">\n\t\t\t\t\t\tRegalar &#8216;El Puntido&#8217;\n\t\t\t\t\t<\/a>\n\n","protected":false},"excerpt":{"rendered":"<p>Reservas Si no encuentra disponibilidad, contacte con nosotros a trav\u00e9s del 673 588 550 o env\u00ede un email indicando su n\u00famero de tel\u00e9fono a: reservas@restauranteelpuntido.com Tambi\u00e9n puedes Regalar &#8216;El Puntido&#8217;<\/p>\n","protected":false},"author":1,"featured_media":0,"parent":0,"menu_order":0,"comment_status":"closed","ping_status":"closed","template":"","meta":{"_acf_changed":false,"footnotes":""},"class_list":["post-76","page","type-page","status-publish","hentry"],"acf":[],"_links":{"self":[{"href":"https:\/\/www.sierracantabria.com\/restauranteelpuntido\/wp-json\/wp\/v2\/pages\/76","targetHints":{"allow":["GET"]}}],"collection":[{"href":"https:\/\/www.sierracantabria.com\/restauranteelpuntido\/wp-json\/wp\/v2\/pages"}],"about":[{"href":"https:\/\/www.sierracantabria.com\/restauranteelpuntido\/wp-json\/wp\/v2\/types\/page"}],"author":[{"embeddable":true,"href":"https:\/\/www.sierracantabria.com\/restauranteelpuntido\/wp-json\/wp\/v2\/users\/1"}],"replies":[{"embeddable":true,"href":"https:\/\/www.sierracantabria.com\/restauranteelpuntido\/wp-json\/wp\/v2\/comments?post=76"}],"version-history":[{"count":47,"href":"https:\/\/www.sierracantabria.com\/restauranteelpuntido\/wp-json\/wp\/v2\/pages\/76\/revisions"}],"predecessor-version":[{"id":1410,"href":"https:\/\/www.sierracantabria.com\/restauranteelpuntido\/wp-json\/wp\/v2\/pages\/76\/revisions\/1410"}],"wp:attachment":[{"href":"https:\/\/www.sierracantabria.com\/restauranteelpuntido\/wp-json\/wp\/v2\/media?parent=76"}],"curies":[{"name":"wp","href":"https:\/\/api.w.org\/{rel}","templated":true}]}}