{"id":71,"date":"2021-11-26T09:02:26","date_gmt":"2021-11-26T09:02:26","guid":{"rendered":"https:\/\/restauranteelpuntido.chemabelsue.com\/?page_id=71"},"modified":"2024-08-23T10:26:06","modified_gmt":"2024-08-23T09:26:06","slug":"localizacion-del-restaurante-el-puntido","status":"publish","type":"page","link":"https:\/\/www.sierracantabria.com\/restauranteelpuntido\/localizacion-del-restaurante-el-puntido\/","title":{"rendered":"Localizaci\u00f3n del restaurante"},"content":{"rendered":"\n<h2>\n\t\tLocalizaci\u00f3n &#038; Contacto\n\t<\/h2>\n\t<p>Un enclave privilegiado, custodiado por la Sierra Cantabria y a los pies del vi\u00f1edo que le da su nombre. Espectaculares vistas panor\u00e1micas a la Villa Medieval de Laguardia, al pueblo de P\u00e1ganos y, por supuesto, a nuestros vi\u00f1edos de Tempranillo.<\/p>\n\t<p>Carretera de, Navaridas Errepidea, s\/n, 01309 Paganos, \u00c1lava<\/p>\n<p><a href=\"tel:0034673588550\">+34 673 588 550<\/a><\/p>\n<p><a href=\"mailto:reservas@restauranteelpuntido.com\">reservas@restauranteelpuntido.com<\/a><\/p>\n\t<iframe src=\"https:\/\/www.google.com\/maps\/embed?pb=!1m18!1m12!1m3!1d2082.202587173755!2d-2.6072080086754017!3d42.55387705723195!2m3!1f0!2f0!3f0!3m2!1i1024!2i768!4f13.1!3m3!1m2!1s0xd4ff9bfac074f43%3A0x9c8650604f9f2414!2sRestaurante%20El%20Puntido!5e1!3m2!1ses!2ses!4v1653577058053!5m2!1ses!2ses\" width=\"600\" height=\"450\" allowfullscreen=\"\" loading=\"lazy\" referrerpolicy=\"no-referrer-when-downgrade\"><\/iframe>\n\t\t\t\t<img loading=\"lazy\" decoding=\"async\" src=\"https:\/\/www.sierracantabria.com\/restauranteelpuntido\/wp-content\/uploads\/2022\/02\/logo-sierra-catabria.png\" alt=\"Vi\u00f1edos y Bodegas Sierra Cantabria\" itemprop=\"image\" height=\"145\" width=\"129\" onerror=\"this.style.display='none'\"  \/>\n\n","protected":false},"excerpt":{"rendered":"<p>Localizaci\u00f3n &#038; Contacto Un enclave privilegiado, custodiado por la Sierra Cantabria y a los pies del vi\u00f1edo que le da su nombre. Espectaculares vistas panor\u00e1micas a la Villa Medieval de Laguardia, al pueblo de P\u00e1ganos y, por supuesto, a nuestros vi\u00f1edos de Tempranillo. Carretera de, Navaridas Errepidea, s\/n, 01309 Paganos, \u00c1lava +34 673 588 550&hellip;<\/p>\n","protected":false},"author":1,"featured_media":0,"parent":0,"menu_order":0,"comment_status":"closed","ping_status":"closed","template":"","meta":{"_acf_changed":false,"footnotes":""},"class_list":["post-71","page","type-page","status-publish","hentry"],"acf":[],"_links":{"self":[{"href":"https:\/\/www.sierracantabria.com\/restauranteelpuntido\/wp-json\/wp\/v2\/pages\/71","targetHints":{"allow":["GET"]}}],"collection":[{"href":"https:\/\/www.sierracantabria.com\/restauranteelpuntido\/wp-json\/wp\/v2\/pages"}],"about":[{"href":"https:\/\/www.sierracantabria.com\/restauranteelpuntido\/wp-json\/wp\/v2\/types\/page"}],"author":[{"embeddable":true,"href":"https:\/\/www.sierracantabria.com\/restauranteelpuntido\/wp-json\/wp\/v2\/users\/1"}],"replies":[{"embeddable":true,"href":"https:\/\/www.sierracantabria.com\/restauranteelpuntido\/wp-json\/wp\/v2\/comments?post=71"}],"version-history":[{"count":13,"href":"https:\/\/www.sierracantabria.com\/restauranteelpuntido\/wp-json\/wp\/v2\/pages\/71\/revisions"}],"predecessor-version":[{"id":1404,"href":"https:\/\/www.sierracantabria.com\/restauranteelpuntido\/wp-json\/wp\/v2\/pages\/71\/revisions\/1404"}],"wp:attachment":[{"href":"https:\/\/www.sierracantabria.com\/restauranteelpuntido\/wp-json\/wp\/v2\/media?parent=71"}],"curies":[{"name":"wp","href":"https:\/\/api.w.org\/{rel}","templated":true}]}}