{"id":748,"date":"2022-12-07T12:05:24","date_gmt":"2022-12-07T12:05:24","guid":{"rendered":"https:\/\/www.sierracantabria.com\/bodegaprivadadelafamilia\/?post_type=product&#038;p=748"},"modified":"2024-07-22T10:37:48","modified_gmt":"2024-07-22T10:37:48","slug":"coleccion-especial-rioja-y-toro","status":"publish","type":"product","link":"https:\/\/www.sierracantabria.com\/bodegaprivadadelafamilia\/premium-packs\/coleccion-especial-rioja-y-toro\/","title":{"rendered":"Colecci\u00f3n Especial &#8211; Rioja &#038; Toro"},"content":{"rendered":"<p><strong>Edici\u00f3n Limitada<\/strong> de 300 estuches con dise\u00f1os creados por el artista <strong>Juanjo San Pedro<\/strong> exclusivamente para conmemora esta colecci\u00f3n tan especial.<\/p>\n<p>Grandes Vinos de una excelente a\u00f1ada que transmiten la frescura y car\u00e1cter de sus vi\u00f1as.<\/p>\n<p><strong>Finca El Bosque 2008 y Victorino 2008<\/strong><\/p>\n<p>Una ocasi\u00f3n \u00fanica para disfrutar del car\u00e1cter, identidad y elegancia del Tempranillo de la<strong> DOCa Rioja y la Tinta de Toro<\/strong> en vinos redondos y expresivos que han gozado de las mejores condiciones de conservaci\u00f3n, esperando esta gran ocasi\u00f3n para ser disfrutados.<\/p>\n","protected":false},"excerpt":{"rendered":"<p>Edici\u00f3n Limitada de 300 estuches con dise\u00f1os creados por el artista Juanjo San Pedro exclusivamente para conmemora esta colecci\u00f3n tan especial. Grandes Vinos de una excelente a\u00f1ada que transmiten la frescura y car\u00e1cter de sus vi\u00f1as. Finca El Bosque 2008 y Victorino 2008 Una ocasi\u00f3n \u00fanica para disfrutar del car\u00e1cter, identidad y elegancia del Tempranillo&hellip;<\/p>\n","protected":false},"featured_media":560,"template":"","meta":{"_acf_changed":false},"product_brand":[],"product_cat":[29],"product_tag":[],"class_list":{"0":"post-748","1":"product","2":"type-product","3":"status-publish","4":"has-post-thumbnail","6":"product_cat-premium-packs","8":"first","9":"outofstock","10":"taxable","11":"shipping-taxable","12":"purchasable","13":"product-type-simple"},"acf":[],"yoast_head":"<!-- This site is optimized with the Yoast SEO plugin v26.4 - https:\/\/yoast.com\/wordpress\/plugins\/seo\/ -->\n<title>Colecci\u00f3n Especial - Rioja &amp; Toro - Bodega privada de la Familia de Vi\u00f1edos y Bodegas Sierra Cantabria<\/title>\n<meta name=\"robots\" content=\"index, follow, max-snippet:-1, max-image-preview:large, max-video-preview:-1\" \/>\n<link rel=\"canonical\" href=\"https:\/\/www.sierracantabria.com\/bodegaprivadadelafamilia\/premium-packs\/coleccion-especial-rioja-y-toro\/\" \/>\n<meta property=\"og:locale\" content=\"es_ES\" \/>\n<meta property=\"og:type\" content=\"article\" \/>\n<meta property=\"og:title\" content=\"Colecci\u00f3n Especial - Rioja &amp; Toro - Bodega privada de la Familia de Vi\u00f1edos y Bodegas Sierra Cantabria\" \/>\n<meta property=\"og:description\" content=\"Edici\u00f3n Limitada de 300 estuches con dise\u00f1os creados por el artista Juanjo San Pedro exclusivamente para conmemora esta colecci\u00f3n tan especial. Grandes Vinos de una excelente a\u00f1ada que transmiten la frescura y car\u00e1cter de sus vi\u00f1as. Finca El Bosque 2008 y Victorino 2008 Una ocasi\u00f3n \u00fanica para disfrutar del car\u00e1cter, identidad y elegancia del Tempranillo&hellip;\" \/>\n<meta property=\"og:url\" content=\"https:\/\/www.sierracantabria.com\/bodegaprivadadelafamilia\/premium-packs\/coleccion-especial-rioja-y-toro\/\" \/>\n<meta property=\"og:site_name\" content=\"Bodega privada de la Familia de Vi\u00f1edos y Bodegas Sierra Cantabria\" \/>\n<meta property=\"article:modified_time\" content=\"2024-07-22T10:37:48+00:00\" \/>\n<meta property=\"og:image\" content=\"https:\/\/www.sierracantabria.com\/bodegaprivadadelafamilia\/wp-content\/uploads\/2020\/07\/promo-dia_del_padre-estuche_fincaelbosque_y_victorion.png\" \/>\n\t<meta property=\"og:image:width\" content=\"650\" \/>\n\t<meta property=\"og:image:height\" content=\"433\" \/>\n\t<meta property=\"og:image:type\" content=\"image\/png\" \/>\n<meta name=\"twitter:card\" content=\"summary_large_image\" \/>\n<meta name=\"twitter:label1\" content=\"Tiempo de lectura\" \/>\n\t<meta name=\"twitter:data1\" content=\"1 minuto\" \/>\n<script type=\"application\/ld+json\" class=\"yoast-schema-graph\">{\"@context\":\"https:\/\/schema.org\",\"@graph\":[{\"@type\":\"WebPage\",\"@id\":\"https:\/\/www.sierracantabria.com\/bodegaprivadadelafamilia\/premium-packs\/coleccion-especial-rioja-y-toro\/\",\"url\":\"https:\/\/www.sierracantabria.com\/bodegaprivadadelafamilia\/premium-packs\/coleccion-especial-rioja-y-toro\/\",\"name\":\"Colecci\u00f3n Especial - Rioja & Toro - Bodega privada de la Familia de Vi\u00f1edos y Bodegas Sierra Cantabria\",\"isPartOf\":{\"@id\":\"https:\/\/www.sierracantabria.com\/bodegaprivadadelafamilia\/#website\"},\"primaryImageOfPage\":{\"@id\":\"https:\/\/www.sierracantabria.com\/bodegaprivadadelafamilia\/premium-packs\/coleccion-especial-rioja-y-toro\/#primaryimage\"},\"image\":{\"@id\":\"https:\/\/www.sierracantabria.com\/bodegaprivadadelafamilia\/premium-packs\/coleccion-especial-rioja-y-toro\/#primaryimage\"},\"thumbnailUrl\":\"https:\/\/www.sierracantabria.com\/bodegaprivadadelafamilia\/wp-content\/uploads\/2020\/07\/promo-dia_del_padre-estuche_fincaelbosque_y_victorion.png\",\"datePublished\":\"2022-12-07T12:05:24+00:00\",\"dateModified\":\"2024-07-22T10:37:48+00:00\",\"breadcrumb\":{\"@id\":\"https:\/\/www.sierracantabria.com\/bodegaprivadadelafamilia\/premium-packs\/coleccion-especial-rioja-y-toro\/#breadcrumb\"},\"inLanguage\":\"es\",\"potentialAction\":[{\"@type\":\"ReadAction\",\"target\":[\"https:\/\/www.sierracantabria.com\/bodegaprivadadelafamilia\/premium-packs\/coleccion-especial-rioja-y-toro\/\"]}]},{\"@type\":\"ImageObject\",\"inLanguage\":\"es\",\"@id\":\"https:\/\/www.sierracantabria.com\/bodegaprivadadelafamilia\/premium-packs\/coleccion-especial-rioja-y-toro\/#primaryimage\",\"url\":\"https:\/\/www.sierracantabria.com\/bodegaprivadadelafamilia\/wp-content\/uploads\/2020\/07\/promo-dia_del_padre-estuche_fincaelbosque_y_victorion.png\",\"contentUrl\":\"https:\/\/www.sierracantabria.com\/bodegaprivadadelafamilia\/wp-content\/uploads\/2020\/07\/promo-dia_del_padre-estuche_fincaelbosque_y_victorion.png\",\"width\":650,\"height\":433},{\"@type\":\"BreadcrumbList\",\"@id\":\"https:\/\/www.sierracantabria.com\/bodegaprivadadelafamilia\/premium-packs\/coleccion-especial-rioja-y-toro\/#breadcrumb\",\"itemListElement\":[{\"@type\":\"ListItem\",\"position\":1,\"name\":\"Portada\",\"item\":\"https:\/\/www.sierracantabria.com\/bodegaprivadadelafamilia\/\"},{\"@type\":\"ListItem\",\"position\":2,\"name\":\"Inicio\",\"item\":\"https:\/\/www.sierracantabria.com\/bodegaprivadadelafamilia\/\"},{\"@type\":\"ListItem\",\"position\":3,\"name\":\"Colecci\u00f3n Especial &#8211; Rioja &#038; Toro\"}]},{\"@type\":\"WebSite\",\"@id\":\"https:\/\/www.sierracantabria.com\/bodegaprivadadelafamilia\/#website\",\"url\":\"https:\/\/www.sierracantabria.com\/bodegaprivadadelafamilia\/\",\"name\":\"Bodega privada de la Familia de Vi\u00f1edos y Bodegas Sierra Cantabria\",\"description\":\"La familia Eguren abre su exclusiva bodega de Vi\u00f1edos y Bodegas SIERRA CANTABRIA\",\"potentialAction\":[{\"@type\":\"SearchAction\",\"target\":{\"@type\":\"EntryPoint\",\"urlTemplate\":\"https:\/\/www.sierracantabria.com\/bodegaprivadadelafamilia\/?s={search_term_string}\"},\"query-input\":{\"@type\":\"PropertyValueSpecification\",\"valueRequired\":true,\"valueName\":\"search_term_string\"}}],\"inLanguage\":\"es\"}]}<\/script>\n<!-- \/ Yoast SEO plugin. -->","yoast_head_json":{"title":"Colecci\u00f3n Especial - Rioja & Toro - Bodega privada de la Familia de Vi\u00f1edos y Bodegas Sierra Cantabria","robots":{"index":"index","follow":"follow","max-snippet":"max-snippet:-1","max-image-preview":"max-image-preview:large","max-video-preview":"max-video-preview:-1"},"canonical":"https:\/\/www.sierracantabria.com\/bodegaprivadadelafamilia\/premium-packs\/coleccion-especial-rioja-y-toro\/","og_locale":"es_ES","og_type":"article","og_title":"Colecci\u00f3n Especial - Rioja & Toro - Bodega privada de la Familia de Vi\u00f1edos y Bodegas Sierra Cantabria","og_description":"Edici\u00f3n Limitada de 300 estuches con dise\u00f1os creados por el artista Juanjo San Pedro exclusivamente para conmemora esta colecci\u00f3n tan especial. Grandes Vinos de una excelente a\u00f1ada que transmiten la frescura y car\u00e1cter de sus vi\u00f1as. Finca El Bosque 2008 y Victorino 2008 Una ocasi\u00f3n \u00fanica para disfrutar del car\u00e1cter, identidad y elegancia del Tempranillo&hellip;","og_url":"https:\/\/www.sierracantabria.com\/bodegaprivadadelafamilia\/premium-packs\/coleccion-especial-rioja-y-toro\/","og_site_name":"Bodega privada de la Familia de Vi\u00f1edos y Bodegas Sierra Cantabria","article_modified_time":"2024-07-22T10:37:48+00:00","og_image":[{"width":650,"height":433,"url":"https:\/\/www.sierracantabria.com\/bodegaprivadadelafamilia\/wp-content\/uploads\/2020\/07\/promo-dia_del_padre-estuche_fincaelbosque_y_victorion.png","type":"image\/png"}],"twitter_card":"summary_large_image","twitter_misc":{"Tiempo de lectura":"1 minuto"},"schema":{"@context":"https:\/\/schema.org","@graph":[{"@type":"WebPage","@id":"https:\/\/www.sierracantabria.com\/bodegaprivadadelafamilia\/premium-packs\/coleccion-especial-rioja-y-toro\/","url":"https:\/\/www.sierracantabria.com\/bodegaprivadadelafamilia\/premium-packs\/coleccion-especial-rioja-y-toro\/","name":"Colecci\u00f3n Especial - Rioja & Toro - Bodega privada de la Familia de Vi\u00f1edos y Bodegas Sierra Cantabria","isPartOf":{"@id":"https:\/\/www.sierracantabria.com\/bodegaprivadadelafamilia\/#website"},"primaryImageOfPage":{"@id":"https:\/\/www.sierracantabria.com\/bodegaprivadadelafamilia\/premium-packs\/coleccion-especial-rioja-y-toro\/#primaryimage"},"image":{"@id":"https:\/\/www.sierracantabria.com\/bodegaprivadadelafamilia\/premium-packs\/coleccion-especial-rioja-y-toro\/#primaryimage"},"thumbnailUrl":"https:\/\/www.sierracantabria.com\/bodegaprivadadelafamilia\/wp-content\/uploads\/2020\/07\/promo-dia_del_padre-estuche_fincaelbosque_y_victorion.png","datePublished":"2022-12-07T12:05:24+00:00","dateModified":"2024-07-22T10:37:48+00:00","breadcrumb":{"@id":"https:\/\/www.sierracantabria.com\/bodegaprivadadelafamilia\/premium-packs\/coleccion-especial-rioja-y-toro\/#breadcrumb"},"inLanguage":"es","potentialAction":[{"@type":"ReadAction","target":["https:\/\/www.sierracantabria.com\/bodegaprivadadelafamilia\/premium-packs\/coleccion-especial-rioja-y-toro\/"]}]},{"@type":"ImageObject","inLanguage":"es","@id":"https:\/\/www.sierracantabria.com\/bodegaprivadadelafamilia\/premium-packs\/coleccion-especial-rioja-y-toro\/#primaryimage","url":"https:\/\/www.sierracantabria.com\/bodegaprivadadelafamilia\/wp-content\/uploads\/2020\/07\/promo-dia_del_padre-estuche_fincaelbosque_y_victorion.png","contentUrl":"https:\/\/www.sierracantabria.com\/bodegaprivadadelafamilia\/wp-content\/uploads\/2020\/07\/promo-dia_del_padre-estuche_fincaelbosque_y_victorion.png","width":650,"height":433},{"@type":"BreadcrumbList","@id":"https:\/\/www.sierracantabria.com\/bodegaprivadadelafamilia\/premium-packs\/coleccion-especial-rioja-y-toro\/#breadcrumb","itemListElement":[{"@type":"ListItem","position":1,"name":"Portada","item":"https:\/\/www.sierracantabria.com\/bodegaprivadadelafamilia\/"},{"@type":"ListItem","position":2,"name":"Inicio","item":"https:\/\/www.sierracantabria.com\/bodegaprivadadelafamilia\/"},{"@type":"ListItem","position":3,"name":"Colecci\u00f3n Especial &#8211; Rioja &#038; Toro"}]},{"@type":"WebSite","@id":"https:\/\/www.sierracantabria.com\/bodegaprivadadelafamilia\/#website","url":"https:\/\/www.sierracantabria.com\/bodegaprivadadelafamilia\/","name":"Bodega privada de la Familia de Vi\u00f1edos y Bodegas Sierra Cantabria","description":"La familia Eguren abre su exclusiva bodega de Vi\u00f1edos y Bodegas SIERRA CANTABRIA","potentialAction":[{"@type":"SearchAction","target":{"@type":"EntryPoint","urlTemplate":"https:\/\/www.sierracantabria.com\/bodegaprivadadelafamilia\/?s={search_term_string}"},"query-input":{"@type":"PropertyValueSpecification","valueRequired":true,"valueName":"search_term_string"}}],"inLanguage":"es"}]}},"_links":{"self":[{"href":"https:\/\/www.sierracantabria.com\/bodegaprivadadelafamilia\/wp-json\/wp\/v2\/product\/748","targetHints":{"allow":["GET"]}}],"collection":[{"href":"https:\/\/www.sierracantabria.com\/bodegaprivadadelafamilia\/wp-json\/wp\/v2\/product"}],"about":[{"href":"https:\/\/www.sierracantabria.com\/bodegaprivadadelafamilia\/wp-json\/wp\/v2\/types\/product"}],"wp:featuredmedia":[{"embeddable":true,"href":"https:\/\/www.sierracantabria.com\/bodegaprivadadelafamilia\/wp-json\/wp\/v2\/media\/560"}],"wp:attachment":[{"href":"https:\/\/www.sierracantabria.com\/bodegaprivadadelafamilia\/wp-json\/wp\/v2\/media?parent=748"}],"wp:term":[{"taxonomy":"product_brand","embeddable":true,"href":"https:\/\/www.sierracantabria.com\/bodegaprivadadelafamilia\/wp-json\/wp\/v2\/product_brand?post=748"},{"taxonomy":"product_cat","embeddable":true,"href":"https:\/\/www.sierracantabria.com\/bodegaprivadadelafamilia\/wp-json\/wp\/v2\/product_cat?post=748"},{"taxonomy":"product_tag","embeddable":true,"href":"https:\/\/www.sierracantabria.com\/bodegaprivadadelafamilia\/wp-json\/wp\/v2\/product_tag?post=748"}],"curies":[{"name":"wp","href":"https:\/\/api.w.org\/{rel}","templated":true}]}}