{"id":590,"date":"2021-04-07T04:32:07","date_gmt":"2021-04-07T04:32:07","guid":{"rendered":"https:\/\/www.sierracantabria.com\/bodegaprivadadelafamilia\/?post_type=product&#038;p=590"},"modified":"2024-07-22T10:37:50","modified_gmt":"2024-07-22T10:37:50","slug":"estuche-vinos-emblematicos","status":"publish","type":"product","link":"https:\/\/www.sierracantabria.com\/bodegaprivadadelafamilia\/premium-packs\/estuche-vinos-emblematicos\/","title":{"rendered":"Estuche Vinos Emblem\u00e1ticos"},"content":{"rendered":"<p>Vinos emblem\u00e1ticos de Vi\u00f1edos y Bodegas Sierra Cantabria que representan la diversidad y calidad del tempranillo de La Rioja D.O.Ca.<\/p>\n<p>PROMOCION VALIDA HASTA FIN DE EXISTENCIAS<\/p>\n","protected":false},"excerpt":{"rendered":"<p>Vinos emblem\u00e1ticos de Vi\u00f1edos y Bodegas Sierra Cantabria que representan la diversidad y calidad del tempranillo de La Rioja D.O.Ca. PROMOCION VALIDA HASTA FIN DE EXISTENCIAS<\/p>\n","protected":false},"featured_media":591,"template":"","meta":{"_acf_changed":false},"product_brand":[],"product_cat":[29],"product_tag":[],"class_list":{"0":"post-590","1":"product","2":"type-product","3":"status-publish","4":"has-post-thumbnail","6":"product_cat-premium-packs","8":"first","9":"outofstock","10":"taxable","11":"shipping-taxable","12":"purchasable","13":"product-type-simple"},"acf":[],"yoast_head":"<!-- This site is optimized with the Yoast SEO plugin v26.4 - https:\/\/yoast.com\/wordpress\/plugins\/seo\/ -->\n<title>Estuche Vinos Emblem\u00e1ticos - Bodega privada de la Familia de Vi\u00f1edos y Bodegas Sierra Cantabria<\/title>\n<meta name=\"robots\" content=\"index, follow, max-snippet:-1, max-image-preview:large, max-video-preview:-1\" \/>\n<link rel=\"canonical\" href=\"https:\/\/www.sierracantabria.com\/bodegaprivadadelafamilia\/premium-packs\/estuche-vinos-emblematicos\/\" \/>\n<meta property=\"og:locale\" content=\"es_ES\" \/>\n<meta property=\"og:type\" content=\"article\" \/>\n<meta property=\"og:title\" content=\"Estuche Vinos Emblem\u00e1ticos - Bodega privada de la Familia de Vi\u00f1edos y Bodegas Sierra Cantabria\" \/>\n<meta property=\"og:description\" content=\"Vinos emblem\u00e1ticos de Vi\u00f1edos y Bodegas Sierra Cantabria que representan la diversidad y calidad del tempranillo de La Rioja D.O.Ca. PROMOCION VALIDA HASTA FIN DE EXISTENCIAS\" \/>\n<meta property=\"og:url\" content=\"https:\/\/www.sierracantabria.com\/bodegaprivadadelafamilia\/premium-packs\/estuche-vinos-emblematicos\/\" \/>\n<meta property=\"og:site_name\" content=\"Bodega privada de la Familia de Vi\u00f1edos y Bodegas Sierra Cantabria\" \/>\n<meta property=\"article:modified_time\" content=\"2024-07-22T10:37:50+00:00\" \/>\n<meta property=\"og:image\" content=\"https:\/\/www.sierracantabria.com\/bodegaprivadadelafamilia\/wp-content\/uploads\/2021\/04\/estuche-vinos-emblematicos.png\" \/>\n\t<meta property=\"og:image:width\" content=\"700\" \/>\n\t<meta property=\"og:image:height\" content=\"501\" \/>\n\t<meta property=\"og:image:type\" content=\"image\/png\" \/>\n<meta name=\"twitter:card\" content=\"summary_large_image\" \/>\n<meta name=\"twitter:label1\" content=\"Tiempo de lectura\" \/>\n\t<meta name=\"twitter:data1\" content=\"1 minuto\" \/>\n<script type=\"application\/ld+json\" class=\"yoast-schema-graph\">{\"@context\":\"https:\/\/schema.org\",\"@graph\":[{\"@type\":\"WebPage\",\"@id\":\"https:\/\/www.sierracantabria.com\/bodegaprivadadelafamilia\/premium-packs\/estuche-vinos-emblematicos\/\",\"url\":\"https:\/\/www.sierracantabria.com\/bodegaprivadadelafamilia\/premium-packs\/estuche-vinos-emblematicos\/\",\"name\":\"Estuche Vinos Emblem\u00e1ticos - Bodega privada de la Familia de Vi\u00f1edos y Bodegas Sierra Cantabria\",\"isPartOf\":{\"@id\":\"https:\/\/www.sierracantabria.com\/bodegaprivadadelafamilia\/#website\"},\"primaryImageOfPage\":{\"@id\":\"https:\/\/www.sierracantabria.com\/bodegaprivadadelafamilia\/premium-packs\/estuche-vinos-emblematicos\/#primaryimage\"},\"image\":{\"@id\":\"https:\/\/www.sierracantabria.com\/bodegaprivadadelafamilia\/premium-packs\/estuche-vinos-emblematicos\/#primaryimage\"},\"thumbnailUrl\":\"https:\/\/www.sierracantabria.com\/bodegaprivadadelafamilia\/wp-content\/uploads\/2021\/04\/estuche-vinos-emblematicos.png\",\"datePublished\":\"2021-04-07T04:32:07+00:00\",\"dateModified\":\"2024-07-22T10:37:50+00:00\",\"breadcrumb\":{\"@id\":\"https:\/\/www.sierracantabria.com\/bodegaprivadadelafamilia\/premium-packs\/estuche-vinos-emblematicos\/#breadcrumb\"},\"inLanguage\":\"es\",\"potentialAction\":[{\"@type\":\"ReadAction\",\"target\":[\"https:\/\/www.sierracantabria.com\/bodegaprivadadelafamilia\/premium-packs\/estuche-vinos-emblematicos\/\"]}]},{\"@type\":\"ImageObject\",\"inLanguage\":\"es\",\"@id\":\"https:\/\/www.sierracantabria.com\/bodegaprivadadelafamilia\/premium-packs\/estuche-vinos-emblematicos\/#primaryimage\",\"url\":\"https:\/\/www.sierracantabria.com\/bodegaprivadadelafamilia\/wp-content\/uploads\/2021\/04\/estuche-vinos-emblematicos.png\",\"contentUrl\":\"https:\/\/www.sierracantabria.com\/bodegaprivadadelafamilia\/wp-content\/uploads\/2021\/04\/estuche-vinos-emblematicos.png\",\"width\":700,\"height\":501,\"caption\":\"estuche-vinos-emblematicos\"},{\"@type\":\"BreadcrumbList\",\"@id\":\"https:\/\/www.sierracantabria.com\/bodegaprivadadelafamilia\/premium-packs\/estuche-vinos-emblematicos\/#breadcrumb\",\"itemListElement\":[{\"@type\":\"ListItem\",\"position\":1,\"name\":\"Portada\",\"item\":\"https:\/\/www.sierracantabria.com\/bodegaprivadadelafamilia\/\"},{\"@type\":\"ListItem\",\"position\":2,\"name\":\"Inicio\",\"item\":\"https:\/\/www.sierracantabria.com\/bodegaprivadadelafamilia\/\"},{\"@type\":\"ListItem\",\"position\":3,\"name\":\"Estuche Vinos Emblem\u00e1ticos\"}]},{\"@type\":\"WebSite\",\"@id\":\"https:\/\/www.sierracantabria.com\/bodegaprivadadelafamilia\/#website\",\"url\":\"https:\/\/www.sierracantabria.com\/bodegaprivadadelafamilia\/\",\"name\":\"Bodega privada de la Familia de Vi\u00f1edos y Bodegas Sierra Cantabria\",\"description\":\"La familia Eguren abre su exclusiva bodega de Vi\u00f1edos y Bodegas SIERRA CANTABRIA\",\"potentialAction\":[{\"@type\":\"SearchAction\",\"target\":{\"@type\":\"EntryPoint\",\"urlTemplate\":\"https:\/\/www.sierracantabria.com\/bodegaprivadadelafamilia\/?s={search_term_string}\"},\"query-input\":{\"@type\":\"PropertyValueSpecification\",\"valueRequired\":true,\"valueName\":\"search_term_string\"}}],\"inLanguage\":\"es\"}]}<\/script>\n<!-- \/ Yoast SEO plugin. -->","yoast_head_json":{"title":"Estuche Vinos Emblem\u00e1ticos - Bodega privada de la Familia de Vi\u00f1edos y Bodegas Sierra Cantabria","robots":{"index":"index","follow":"follow","max-snippet":"max-snippet:-1","max-image-preview":"max-image-preview:large","max-video-preview":"max-video-preview:-1"},"canonical":"https:\/\/www.sierracantabria.com\/bodegaprivadadelafamilia\/premium-packs\/estuche-vinos-emblematicos\/","og_locale":"es_ES","og_type":"article","og_title":"Estuche Vinos Emblem\u00e1ticos - Bodega privada de la Familia de Vi\u00f1edos y Bodegas Sierra Cantabria","og_description":"Vinos emblem\u00e1ticos de Vi\u00f1edos y Bodegas Sierra Cantabria que representan la diversidad y calidad del tempranillo de La Rioja D.O.Ca. PROMOCION VALIDA HASTA FIN DE EXISTENCIAS","og_url":"https:\/\/www.sierracantabria.com\/bodegaprivadadelafamilia\/premium-packs\/estuche-vinos-emblematicos\/","og_site_name":"Bodega privada de la Familia de Vi\u00f1edos y Bodegas Sierra Cantabria","article_modified_time":"2024-07-22T10:37:50+00:00","og_image":[{"width":700,"height":501,"url":"https:\/\/www.sierracantabria.com\/bodegaprivadadelafamilia\/wp-content\/uploads\/2021\/04\/estuche-vinos-emblematicos.png","type":"image\/png"}],"twitter_card":"summary_large_image","twitter_misc":{"Tiempo de lectura":"1 minuto"},"schema":{"@context":"https:\/\/schema.org","@graph":[{"@type":"WebPage","@id":"https:\/\/www.sierracantabria.com\/bodegaprivadadelafamilia\/premium-packs\/estuche-vinos-emblematicos\/","url":"https:\/\/www.sierracantabria.com\/bodegaprivadadelafamilia\/premium-packs\/estuche-vinos-emblematicos\/","name":"Estuche Vinos Emblem\u00e1ticos - Bodega privada de la Familia de Vi\u00f1edos y Bodegas Sierra Cantabria","isPartOf":{"@id":"https:\/\/www.sierracantabria.com\/bodegaprivadadelafamilia\/#website"},"primaryImageOfPage":{"@id":"https:\/\/www.sierracantabria.com\/bodegaprivadadelafamilia\/premium-packs\/estuche-vinos-emblematicos\/#primaryimage"},"image":{"@id":"https:\/\/www.sierracantabria.com\/bodegaprivadadelafamilia\/premium-packs\/estuche-vinos-emblematicos\/#primaryimage"},"thumbnailUrl":"https:\/\/www.sierracantabria.com\/bodegaprivadadelafamilia\/wp-content\/uploads\/2021\/04\/estuche-vinos-emblematicos.png","datePublished":"2021-04-07T04:32:07+00:00","dateModified":"2024-07-22T10:37:50+00:00","breadcrumb":{"@id":"https:\/\/www.sierracantabria.com\/bodegaprivadadelafamilia\/premium-packs\/estuche-vinos-emblematicos\/#breadcrumb"},"inLanguage":"es","potentialAction":[{"@type":"ReadAction","target":["https:\/\/www.sierracantabria.com\/bodegaprivadadelafamilia\/premium-packs\/estuche-vinos-emblematicos\/"]}]},{"@type":"ImageObject","inLanguage":"es","@id":"https:\/\/www.sierracantabria.com\/bodegaprivadadelafamilia\/premium-packs\/estuche-vinos-emblematicos\/#primaryimage","url":"https:\/\/www.sierracantabria.com\/bodegaprivadadelafamilia\/wp-content\/uploads\/2021\/04\/estuche-vinos-emblematicos.png","contentUrl":"https:\/\/www.sierracantabria.com\/bodegaprivadadelafamilia\/wp-content\/uploads\/2021\/04\/estuche-vinos-emblematicos.png","width":700,"height":501,"caption":"estuche-vinos-emblematicos"},{"@type":"BreadcrumbList","@id":"https:\/\/www.sierracantabria.com\/bodegaprivadadelafamilia\/premium-packs\/estuche-vinos-emblematicos\/#breadcrumb","itemListElement":[{"@type":"ListItem","position":1,"name":"Portada","item":"https:\/\/www.sierracantabria.com\/bodegaprivadadelafamilia\/"},{"@type":"ListItem","position":2,"name":"Inicio","item":"https:\/\/www.sierracantabria.com\/bodegaprivadadelafamilia\/"},{"@type":"ListItem","position":3,"name":"Estuche Vinos Emblem\u00e1ticos"}]},{"@type":"WebSite","@id":"https:\/\/www.sierracantabria.com\/bodegaprivadadelafamilia\/#website","url":"https:\/\/www.sierracantabria.com\/bodegaprivadadelafamilia\/","name":"Bodega privada de la Familia de Vi\u00f1edos y Bodegas Sierra Cantabria","description":"La familia Eguren abre su exclusiva bodega de Vi\u00f1edos y Bodegas SIERRA CANTABRIA","potentialAction":[{"@type":"SearchAction","target":{"@type":"EntryPoint","urlTemplate":"https:\/\/www.sierracantabria.com\/bodegaprivadadelafamilia\/?s={search_term_string}"},"query-input":{"@type":"PropertyValueSpecification","valueRequired":true,"valueName":"search_term_string"}}],"inLanguage":"es"}]}},"_links":{"self":[{"href":"https:\/\/www.sierracantabria.com\/bodegaprivadadelafamilia\/wp-json\/wp\/v2\/product\/590","targetHints":{"allow":["GET"]}}],"collection":[{"href":"https:\/\/www.sierracantabria.com\/bodegaprivadadelafamilia\/wp-json\/wp\/v2\/product"}],"about":[{"href":"https:\/\/www.sierracantabria.com\/bodegaprivadadelafamilia\/wp-json\/wp\/v2\/types\/product"}],"wp:featuredmedia":[{"embeddable":true,"href":"https:\/\/www.sierracantabria.com\/bodegaprivadadelafamilia\/wp-json\/wp\/v2\/media\/591"}],"wp:attachment":[{"href":"https:\/\/www.sierracantabria.com\/bodegaprivadadelafamilia\/wp-json\/wp\/v2\/media?parent=590"}],"wp:term":[{"taxonomy":"product_brand","embeddable":true,"href":"https:\/\/www.sierracantabria.com\/bodegaprivadadelafamilia\/wp-json\/wp\/v2\/product_brand?post=590"},{"taxonomy":"product_cat","embeddable":true,"href":"https:\/\/www.sierracantabria.com\/bodegaprivadadelafamilia\/wp-json\/wp\/v2\/product_cat?post=590"},{"taxonomy":"product_tag","embeddable":true,"href":"https:\/\/www.sierracantabria.com\/bodegaprivadadelafamilia\/wp-json\/wp\/v2\/product_tag?post=590"}],"curies":[{"name":"wp","href":"https:\/\/api.w.org\/{rel}","templated":true}]}}