{"id":153,"date":"2020-07-25T20:52:14","date_gmt":"2020-07-25T20:52:14","guid":{"rendered":"https:\/\/www.sierracantabria.com\/bodegaprivadadelafamilia\/?post_type=product&#038;p=153"},"modified":"2024-07-22T10:37:51","modified_gmt":"2024-07-22T10:37:51","slug":"horizontal-toro-2017","status":"publish","type":"product","link":"https:\/\/www.sierracantabria.com\/bodegaprivadadelafamilia\/premium-packs\/horizontal-toro-2017\/","title":{"rendered":"Horizontal Toro 2017"},"content":{"rendered":"<p>Conoce el m\u00e1ximo potencial de los vinos de Toro.<\/p>\n<p>Descubre como nuestro en\u00f3logo Marcos Eguren ha logrado extraer la potencia, la frutosidad, la frescura, el equilibrio y la expresividad de la Tinta de Toro.<\/p>\n<p>Compuesto por:<\/p>\n<ul>\n<li>Almirez 2017<\/li>\n<li>Victorino 2017<\/li>\n<li>Alabaster 2017<\/li>\n<\/ul>\n","protected":false},"excerpt":{"rendered":"<p>Conoce el m\u00e1ximo potencial de los vinos de Toro. Descubre como nuestro en\u00f3logo Marcos Eguren ha logrado extraer la potencia, la frutosidad, la frescura, el equilibrio y la expresividad de la Tinta de Toro. Compuesto por: Almirez 2017 Victorino 2017 Alabaster 2017<\/p>\n","protected":false},"featured_media":225,"template":"","meta":{"_acf_changed":false},"product_brand":[],"product_cat":[29],"product_tag":[32],"class_list":{"0":"post-153","1":"product","2":"type-product","3":"status-publish","4":"has-post-thumbnail","6":"product_cat-premium-packs","7":"product_tag-horizontal","9":"first","10":"outofstock","11":"taxable","12":"shipping-taxable","13":"purchasable","14":"product-type-simple"},"acf":[],"yoast_head":"<!-- This site is optimized with the Yoast SEO plugin v26.4 - https:\/\/yoast.com\/wordpress\/plugins\/seo\/ -->\n<title>Horizontal Toro 2017 - Bodega privada de la Familia de Vi\u00f1edos y Bodegas Sierra Cantabria<\/title>\n<meta name=\"robots\" content=\"index, follow, max-snippet:-1, max-image-preview:large, max-video-preview:-1\" \/>\n<link rel=\"canonical\" href=\"https:\/\/www.sierracantabria.com\/bodegaprivadadelafamilia\/premium-packs\/horizontal-toro-2017\/\" \/>\n<meta property=\"og:locale\" content=\"es_ES\" \/>\n<meta property=\"og:type\" content=\"article\" \/>\n<meta property=\"og:title\" content=\"Horizontal Toro 2017 - Bodega privada de la Familia de Vi\u00f1edos y Bodegas Sierra Cantabria\" \/>\n<meta property=\"og:description\" content=\"Conoce el m\u00e1ximo potencial de los vinos de Toro. Descubre como nuestro en\u00f3logo Marcos Eguren ha logrado extraer la potencia, la frutosidad, la frescura, el equilibrio y la expresividad de la Tinta de Toro. Compuesto por: Almirez 2017 Victorino 2017 Alabaster 2017\" \/>\n<meta property=\"og:url\" content=\"https:\/\/www.sierracantabria.com\/bodegaprivadadelafamilia\/premium-packs\/horizontal-toro-2017\/\" \/>\n<meta property=\"og:site_name\" content=\"Bodega privada de la Familia de Vi\u00f1edos y Bodegas Sierra Cantabria\" \/>\n<meta property=\"article:modified_time\" content=\"2024-07-22T10:37:51+00:00\" \/>\n<meta property=\"og:image\" content=\"https:\/\/www.sierracantabria.com\/bodegaprivadadelafamilia\/wp-content\/uploads\/2020\/07\/Horizontal-Toro-2016-Almirez-2016-Victorino-2016-Alabaster-2016.png\" \/>\n\t<meta property=\"og:image:width\" content=\"850\" \/>\n\t<meta property=\"og:image:height\" content=\"850\" \/>\n\t<meta property=\"og:image:type\" content=\"image\/png\" \/>\n<meta name=\"twitter:card\" content=\"summary_large_image\" \/>\n<meta name=\"twitter:label1\" content=\"Tiempo de lectura\" \/>\n\t<meta name=\"twitter:data1\" content=\"1 minuto\" \/>\n<script type=\"application\/ld+json\" class=\"yoast-schema-graph\">{\"@context\":\"https:\/\/schema.org\",\"@graph\":[{\"@type\":\"WebPage\",\"@id\":\"https:\/\/www.sierracantabria.com\/bodegaprivadadelafamilia\/premium-packs\/horizontal-toro-2017\/\",\"url\":\"https:\/\/www.sierracantabria.com\/bodegaprivadadelafamilia\/premium-packs\/horizontal-toro-2017\/\",\"name\":\"Horizontal Toro 2017 - Bodega privada de la Familia de Vi\u00f1edos y Bodegas Sierra Cantabria\",\"isPartOf\":{\"@id\":\"https:\/\/www.sierracantabria.com\/bodegaprivadadelafamilia\/#website\"},\"primaryImageOfPage\":{\"@id\":\"https:\/\/www.sierracantabria.com\/bodegaprivadadelafamilia\/premium-packs\/horizontal-toro-2017\/#primaryimage\"},\"image\":{\"@id\":\"https:\/\/www.sierracantabria.com\/bodegaprivadadelafamilia\/premium-packs\/horizontal-toro-2017\/#primaryimage\"},\"thumbnailUrl\":\"https:\/\/www.sierracantabria.com\/bodegaprivadadelafamilia\/wp-content\/uploads\/2020\/07\/Horizontal-Toro-2016-Almirez-2016-Victorino-2016-Alabaster-2016.png\",\"datePublished\":\"2020-07-25T20:52:14+00:00\",\"dateModified\":\"2024-07-22T10:37:51+00:00\",\"breadcrumb\":{\"@id\":\"https:\/\/www.sierracantabria.com\/bodegaprivadadelafamilia\/premium-packs\/horizontal-toro-2017\/#breadcrumb\"},\"inLanguage\":\"es\",\"potentialAction\":[{\"@type\":\"ReadAction\",\"target\":[\"https:\/\/www.sierracantabria.com\/bodegaprivadadelafamilia\/premium-packs\/horizontal-toro-2017\/\"]}]},{\"@type\":\"ImageObject\",\"inLanguage\":\"es\",\"@id\":\"https:\/\/www.sierracantabria.com\/bodegaprivadadelafamilia\/premium-packs\/horizontal-toro-2017\/#primaryimage\",\"url\":\"https:\/\/www.sierracantabria.com\/bodegaprivadadelafamilia\/wp-content\/uploads\/2020\/07\/Horizontal-Toro-2016-Almirez-2016-Victorino-2016-Alabaster-2016.png\",\"contentUrl\":\"https:\/\/www.sierracantabria.com\/bodegaprivadadelafamilia\/wp-content\/uploads\/2020\/07\/Horizontal-Toro-2016-Almirez-2016-Victorino-2016-Alabaster-2016.png\",\"width\":850,\"height\":850,\"caption\":\"Horizontal Toro 2016: Almirez 2016 Victorino 2016 Alabaster 2016\"},{\"@type\":\"BreadcrumbList\",\"@id\":\"https:\/\/www.sierracantabria.com\/bodegaprivadadelafamilia\/premium-packs\/horizontal-toro-2017\/#breadcrumb\",\"itemListElement\":[{\"@type\":\"ListItem\",\"position\":1,\"name\":\"Portada\",\"item\":\"https:\/\/www.sierracantabria.com\/bodegaprivadadelafamilia\/\"},{\"@type\":\"ListItem\",\"position\":2,\"name\":\"Inicio\",\"item\":\"https:\/\/www.sierracantabria.com\/bodegaprivadadelafamilia\/\"},{\"@type\":\"ListItem\",\"position\":3,\"name\":\"Horizontal Toro 2017\"}]},{\"@type\":\"WebSite\",\"@id\":\"https:\/\/www.sierracantabria.com\/bodegaprivadadelafamilia\/#website\",\"url\":\"https:\/\/www.sierracantabria.com\/bodegaprivadadelafamilia\/\",\"name\":\"Bodega privada de la Familia de Vi\u00f1edos y Bodegas Sierra Cantabria\",\"description\":\"La familia Eguren abre su exclusiva bodega de Vi\u00f1edos y Bodegas SIERRA CANTABRIA\",\"potentialAction\":[{\"@type\":\"SearchAction\",\"target\":{\"@type\":\"EntryPoint\",\"urlTemplate\":\"https:\/\/www.sierracantabria.com\/bodegaprivadadelafamilia\/?s={search_term_string}\"},\"query-input\":{\"@type\":\"PropertyValueSpecification\",\"valueRequired\":true,\"valueName\":\"search_term_string\"}}],\"inLanguage\":\"es\"}]}<\/script>\n<!-- \/ Yoast SEO plugin. -->","yoast_head_json":{"title":"Horizontal Toro 2017 - Bodega privada de la Familia de Vi\u00f1edos y Bodegas Sierra Cantabria","robots":{"index":"index","follow":"follow","max-snippet":"max-snippet:-1","max-image-preview":"max-image-preview:large","max-video-preview":"max-video-preview:-1"},"canonical":"https:\/\/www.sierracantabria.com\/bodegaprivadadelafamilia\/premium-packs\/horizontal-toro-2017\/","og_locale":"es_ES","og_type":"article","og_title":"Horizontal Toro 2017 - Bodega privada de la Familia de Vi\u00f1edos y Bodegas Sierra Cantabria","og_description":"Conoce el m\u00e1ximo potencial de los vinos de Toro. Descubre como nuestro en\u00f3logo Marcos Eguren ha logrado extraer la potencia, la frutosidad, la frescura, el equilibrio y la expresividad de la Tinta de Toro. Compuesto por: Almirez 2017 Victorino 2017 Alabaster 2017","og_url":"https:\/\/www.sierracantabria.com\/bodegaprivadadelafamilia\/premium-packs\/horizontal-toro-2017\/","og_site_name":"Bodega privada de la Familia de Vi\u00f1edos y Bodegas Sierra Cantabria","article_modified_time":"2024-07-22T10:37:51+00:00","og_image":[{"width":850,"height":850,"url":"https:\/\/www.sierracantabria.com\/bodegaprivadadelafamilia\/wp-content\/uploads\/2020\/07\/Horizontal-Toro-2016-Almirez-2016-Victorino-2016-Alabaster-2016.png","type":"image\/png"}],"twitter_card":"summary_large_image","twitter_misc":{"Tiempo de lectura":"1 minuto"},"schema":{"@context":"https:\/\/schema.org","@graph":[{"@type":"WebPage","@id":"https:\/\/www.sierracantabria.com\/bodegaprivadadelafamilia\/premium-packs\/horizontal-toro-2017\/","url":"https:\/\/www.sierracantabria.com\/bodegaprivadadelafamilia\/premium-packs\/horizontal-toro-2017\/","name":"Horizontal Toro 2017 - Bodega privada de la Familia de Vi\u00f1edos y Bodegas Sierra Cantabria","isPartOf":{"@id":"https:\/\/www.sierracantabria.com\/bodegaprivadadelafamilia\/#website"},"primaryImageOfPage":{"@id":"https:\/\/www.sierracantabria.com\/bodegaprivadadelafamilia\/premium-packs\/horizontal-toro-2017\/#primaryimage"},"image":{"@id":"https:\/\/www.sierracantabria.com\/bodegaprivadadelafamilia\/premium-packs\/horizontal-toro-2017\/#primaryimage"},"thumbnailUrl":"https:\/\/www.sierracantabria.com\/bodegaprivadadelafamilia\/wp-content\/uploads\/2020\/07\/Horizontal-Toro-2016-Almirez-2016-Victorino-2016-Alabaster-2016.png","datePublished":"2020-07-25T20:52:14+00:00","dateModified":"2024-07-22T10:37:51+00:00","breadcrumb":{"@id":"https:\/\/www.sierracantabria.com\/bodegaprivadadelafamilia\/premium-packs\/horizontal-toro-2017\/#breadcrumb"},"inLanguage":"es","potentialAction":[{"@type":"ReadAction","target":["https:\/\/www.sierracantabria.com\/bodegaprivadadelafamilia\/premium-packs\/horizontal-toro-2017\/"]}]},{"@type":"ImageObject","inLanguage":"es","@id":"https:\/\/www.sierracantabria.com\/bodegaprivadadelafamilia\/premium-packs\/horizontal-toro-2017\/#primaryimage","url":"https:\/\/www.sierracantabria.com\/bodegaprivadadelafamilia\/wp-content\/uploads\/2020\/07\/Horizontal-Toro-2016-Almirez-2016-Victorino-2016-Alabaster-2016.png","contentUrl":"https:\/\/www.sierracantabria.com\/bodegaprivadadelafamilia\/wp-content\/uploads\/2020\/07\/Horizontal-Toro-2016-Almirez-2016-Victorino-2016-Alabaster-2016.png","width":850,"height":850,"caption":"Horizontal Toro 2016: Almirez 2016 Victorino 2016 Alabaster 2016"},{"@type":"BreadcrumbList","@id":"https:\/\/www.sierracantabria.com\/bodegaprivadadelafamilia\/premium-packs\/horizontal-toro-2017\/#breadcrumb","itemListElement":[{"@type":"ListItem","position":1,"name":"Portada","item":"https:\/\/www.sierracantabria.com\/bodegaprivadadelafamilia\/"},{"@type":"ListItem","position":2,"name":"Inicio","item":"https:\/\/www.sierracantabria.com\/bodegaprivadadelafamilia\/"},{"@type":"ListItem","position":3,"name":"Horizontal Toro 2017"}]},{"@type":"WebSite","@id":"https:\/\/www.sierracantabria.com\/bodegaprivadadelafamilia\/#website","url":"https:\/\/www.sierracantabria.com\/bodegaprivadadelafamilia\/","name":"Bodega privada de la Familia de Vi\u00f1edos y Bodegas Sierra Cantabria","description":"La familia Eguren abre su exclusiva bodega de Vi\u00f1edos y Bodegas SIERRA CANTABRIA","potentialAction":[{"@type":"SearchAction","target":{"@type":"EntryPoint","urlTemplate":"https:\/\/www.sierracantabria.com\/bodegaprivadadelafamilia\/?s={search_term_string}"},"query-input":{"@type":"PropertyValueSpecification","valueRequired":true,"valueName":"search_term_string"}}],"inLanguage":"es"}]}},"_links":{"self":[{"href":"https:\/\/www.sierracantabria.com\/bodegaprivadadelafamilia\/wp-json\/wp\/v2\/product\/153","targetHints":{"allow":["GET"]}}],"collection":[{"href":"https:\/\/www.sierracantabria.com\/bodegaprivadadelafamilia\/wp-json\/wp\/v2\/product"}],"about":[{"href":"https:\/\/www.sierracantabria.com\/bodegaprivadadelafamilia\/wp-json\/wp\/v2\/types\/product"}],"wp:featuredmedia":[{"embeddable":true,"href":"https:\/\/www.sierracantabria.com\/bodegaprivadadelafamilia\/wp-json\/wp\/v2\/media\/225"}],"wp:attachment":[{"href":"https:\/\/www.sierracantabria.com\/bodegaprivadadelafamilia\/wp-json\/wp\/v2\/media?parent=153"}],"wp:term":[{"taxonomy":"product_brand","embeddable":true,"href":"https:\/\/www.sierracantabria.com\/bodegaprivadadelafamilia\/wp-json\/wp\/v2\/product_brand?post=153"},{"taxonomy":"product_cat","embeddable":true,"href":"https:\/\/www.sierracantabria.com\/bodegaprivadadelafamilia\/wp-json\/wp\/v2\/product_cat?post=153"},{"taxonomy":"product_tag","embeddable":true,"href":"https:\/\/www.sierracantabria.com\/bodegaprivadadelafamilia\/wp-json\/wp\/v2\/product_tag?post=153"}],"curies":[{"name":"wp","href":"https:\/\/api.w.org\/{rel}","templated":true}]}}