{"id":152,"date":"2020-07-25T20:49:31","date_gmt":"2020-07-25T20:49:31","guid":{"rendered":"https:\/\/www.sierracantabria.com\/bodegaprivadadelafamilia\/?post_type=product&#038;p=152"},"modified":"2024-07-22T10:37:52","modified_gmt":"2024-07-22T10:37:52","slug":"horizontal-rioja-2014","status":"publish","type":"product","link":"https:\/\/www.sierracantabria.com\/bodegaprivadadelafamilia\/premium-packs\/horizontal-rioja-2014\/","title":{"rendered":"Horizontal Rioja 2014"},"content":{"rendered":"<p>Un recorrido por tres vi\u00f1edos con gran carga hist\u00f3rica en La Rioja, para conocer en profundidad las bondades de esta a\u00f1ada con vinos de matices y personalidades muy distintas.<\/p>\n<p>Estuche compuesto por:<\/p>\n<ul>\n<li>Colecci\u00f3n Privada 2014<\/li>\n<li>San Vicente 2014<\/li>\n<li>El Puntido 2014<\/li>\n<\/ul>\n","protected":false},"excerpt":{"rendered":"<p>Un recorrido por tres vi\u00f1edos con gran carga hist\u00f3rica en La Rioja, para conocer en profundidad las bondades de esta a\u00f1ada con vinos de matices y personalidades muy distintas. Estuche compuesto por: Colecci\u00f3n Privada 2014 San Vicente 2014 El Puntido 2014<\/p>\n","protected":false},"featured_media":229,"template":"","meta":{"_acf_changed":false},"product_brand":[],"product_cat":[29],"product_tag":[32],"class_list":{"0":"post-152","1":"product","2":"type-product","3":"status-publish","4":"has-post-thumbnail","6":"product_cat-premium-packs","7":"product_tag-horizontal","9":"first","10":"outofstock","11":"taxable","12":"shipping-taxable","13":"purchasable","14":"product-type-simple"},"acf":[],"yoast_head":"<!-- This site is optimized with the Yoast SEO plugin v26.4 - https:\/\/yoast.com\/wordpress\/plugins\/seo\/ -->\n<title>Horizontal Rioja 2014 - Bodega privada de la Familia de Vi\u00f1edos y Bodegas Sierra Cantabria<\/title>\n<meta name=\"robots\" content=\"index, follow, max-snippet:-1, max-image-preview:large, max-video-preview:-1\" \/>\n<link rel=\"canonical\" href=\"https:\/\/www.sierracantabria.com\/bodegaprivadadelafamilia\/premium-packs\/horizontal-rioja-2014\/\" \/>\n<meta property=\"og:locale\" content=\"es_ES\" \/>\n<meta property=\"og:type\" content=\"article\" \/>\n<meta property=\"og:title\" content=\"Horizontal Rioja 2014 - Bodega privada de la Familia de Vi\u00f1edos y Bodegas Sierra Cantabria\" \/>\n<meta property=\"og:description\" content=\"Un recorrido por tres vi\u00f1edos con gran carga hist\u00f3rica en La Rioja, para conocer en profundidad las bondades de esta a\u00f1ada con vinos de matices y personalidades muy distintas. Estuche compuesto por: Colecci\u00f3n Privada 2014 San Vicente 2014 El Puntido 2014\" \/>\n<meta property=\"og:url\" content=\"https:\/\/www.sierracantabria.com\/bodegaprivadadelafamilia\/premium-packs\/horizontal-rioja-2014\/\" \/>\n<meta property=\"og:site_name\" content=\"Bodega privada de la Familia de Vi\u00f1edos y Bodegas Sierra Cantabria\" \/>\n<meta property=\"article:modified_time\" content=\"2024-07-22T10:37:52+00:00\" \/>\n<meta property=\"og:image\" content=\"https:\/\/www.sierracantabria.com\/bodegaprivadadelafamilia\/wp-content\/uploads\/2020\/07\/Horizontal-Rioja-2016-Coleccion-Privada-2016-San-Vicente-2016-El-Puntido-2016.png\" \/>\n\t<meta property=\"og:image:width\" content=\"850\" \/>\n\t<meta property=\"og:image:height\" content=\"850\" \/>\n\t<meta property=\"og:image:type\" content=\"image\/png\" \/>\n<meta name=\"twitter:card\" content=\"summary_large_image\" \/>\n<meta name=\"twitter:label1\" content=\"Tiempo de lectura\" \/>\n\t<meta name=\"twitter:data1\" content=\"1 minuto\" \/>\n<script type=\"application\/ld+json\" class=\"yoast-schema-graph\">{\"@context\":\"https:\/\/schema.org\",\"@graph\":[{\"@type\":\"WebPage\",\"@id\":\"https:\/\/www.sierracantabria.com\/bodegaprivadadelafamilia\/premium-packs\/horizontal-rioja-2014\/\",\"url\":\"https:\/\/www.sierracantabria.com\/bodegaprivadadelafamilia\/premium-packs\/horizontal-rioja-2014\/\",\"name\":\"Horizontal Rioja 2014 - Bodega privada de la Familia de Vi\u00f1edos y Bodegas Sierra Cantabria\",\"isPartOf\":{\"@id\":\"https:\/\/www.sierracantabria.com\/bodegaprivadadelafamilia\/#website\"},\"primaryImageOfPage\":{\"@id\":\"https:\/\/www.sierracantabria.com\/bodegaprivadadelafamilia\/premium-packs\/horizontal-rioja-2014\/#primaryimage\"},\"image\":{\"@id\":\"https:\/\/www.sierracantabria.com\/bodegaprivadadelafamilia\/premium-packs\/horizontal-rioja-2014\/#primaryimage\"},\"thumbnailUrl\":\"https:\/\/www.sierracantabria.com\/bodegaprivadadelafamilia\/wp-content\/uploads\/2020\/07\/Horizontal-Rioja-2016-Coleccion-Privada-2016-San-Vicente-2016-El-Puntido-2016.png\",\"datePublished\":\"2020-07-25T20:49:31+00:00\",\"dateModified\":\"2024-07-22T10:37:52+00:00\",\"breadcrumb\":{\"@id\":\"https:\/\/www.sierracantabria.com\/bodegaprivadadelafamilia\/premium-packs\/horizontal-rioja-2014\/#breadcrumb\"},\"inLanguage\":\"es\",\"potentialAction\":[{\"@type\":\"ReadAction\",\"target\":[\"https:\/\/www.sierracantabria.com\/bodegaprivadadelafamilia\/premium-packs\/horizontal-rioja-2014\/\"]}]},{\"@type\":\"ImageObject\",\"inLanguage\":\"es\",\"@id\":\"https:\/\/www.sierracantabria.com\/bodegaprivadadelafamilia\/premium-packs\/horizontal-rioja-2014\/#primaryimage\",\"url\":\"https:\/\/www.sierracantabria.com\/bodegaprivadadelafamilia\/wp-content\/uploads\/2020\/07\/Horizontal-Rioja-2016-Coleccion-Privada-2016-San-Vicente-2016-El-Puntido-2016.png\",\"contentUrl\":\"https:\/\/www.sierracantabria.com\/bodegaprivadadelafamilia\/wp-content\/uploads\/2020\/07\/Horizontal-Rioja-2016-Coleccion-Privada-2016-San-Vicente-2016-El-Puntido-2016.png\",\"width\":850,\"height\":850,\"caption\":\"Horizontal Rioja 2016 Coleccion-Privada-2016-San-Vicente-2016-El-Puntido-2016\"},{\"@type\":\"BreadcrumbList\",\"@id\":\"https:\/\/www.sierracantabria.com\/bodegaprivadadelafamilia\/premium-packs\/horizontal-rioja-2014\/#breadcrumb\",\"itemListElement\":[{\"@type\":\"ListItem\",\"position\":1,\"name\":\"Portada\",\"item\":\"https:\/\/www.sierracantabria.com\/bodegaprivadadelafamilia\/\"},{\"@type\":\"ListItem\",\"position\":2,\"name\":\"Inicio\",\"item\":\"https:\/\/www.sierracantabria.com\/bodegaprivadadelafamilia\/\"},{\"@type\":\"ListItem\",\"position\":3,\"name\":\"Horizontal Rioja 2014\"}]},{\"@type\":\"WebSite\",\"@id\":\"https:\/\/www.sierracantabria.com\/bodegaprivadadelafamilia\/#website\",\"url\":\"https:\/\/www.sierracantabria.com\/bodegaprivadadelafamilia\/\",\"name\":\"Bodega privada de la Familia de Vi\u00f1edos y Bodegas Sierra Cantabria\",\"description\":\"La familia Eguren abre su exclusiva bodega de Vi\u00f1edos y Bodegas SIERRA CANTABRIA\",\"potentialAction\":[{\"@type\":\"SearchAction\",\"target\":{\"@type\":\"EntryPoint\",\"urlTemplate\":\"https:\/\/www.sierracantabria.com\/bodegaprivadadelafamilia\/?s={search_term_string}\"},\"query-input\":{\"@type\":\"PropertyValueSpecification\",\"valueRequired\":true,\"valueName\":\"search_term_string\"}}],\"inLanguage\":\"es\"}]}<\/script>\n<!-- \/ Yoast SEO plugin. -->","yoast_head_json":{"title":"Horizontal Rioja 2014 - Bodega privada de la Familia de Vi\u00f1edos y Bodegas Sierra Cantabria","robots":{"index":"index","follow":"follow","max-snippet":"max-snippet:-1","max-image-preview":"max-image-preview:large","max-video-preview":"max-video-preview:-1"},"canonical":"https:\/\/www.sierracantabria.com\/bodegaprivadadelafamilia\/premium-packs\/horizontal-rioja-2014\/","og_locale":"es_ES","og_type":"article","og_title":"Horizontal Rioja 2014 - Bodega privada de la Familia de Vi\u00f1edos y Bodegas Sierra Cantabria","og_description":"Un recorrido por tres vi\u00f1edos con gran carga hist\u00f3rica en La Rioja, para conocer en profundidad las bondades de esta a\u00f1ada con vinos de matices y personalidades muy distintas. Estuche compuesto por: Colecci\u00f3n Privada 2014 San Vicente 2014 El Puntido 2014","og_url":"https:\/\/www.sierracantabria.com\/bodegaprivadadelafamilia\/premium-packs\/horizontal-rioja-2014\/","og_site_name":"Bodega privada de la Familia de Vi\u00f1edos y Bodegas Sierra Cantabria","article_modified_time":"2024-07-22T10:37:52+00:00","og_image":[{"width":850,"height":850,"url":"https:\/\/www.sierracantabria.com\/bodegaprivadadelafamilia\/wp-content\/uploads\/2020\/07\/Horizontal-Rioja-2016-Coleccion-Privada-2016-San-Vicente-2016-El-Puntido-2016.png","type":"image\/png"}],"twitter_card":"summary_large_image","twitter_misc":{"Tiempo de lectura":"1 minuto"},"schema":{"@context":"https:\/\/schema.org","@graph":[{"@type":"WebPage","@id":"https:\/\/www.sierracantabria.com\/bodegaprivadadelafamilia\/premium-packs\/horizontal-rioja-2014\/","url":"https:\/\/www.sierracantabria.com\/bodegaprivadadelafamilia\/premium-packs\/horizontal-rioja-2014\/","name":"Horizontal Rioja 2014 - Bodega privada de la Familia de Vi\u00f1edos y Bodegas Sierra Cantabria","isPartOf":{"@id":"https:\/\/www.sierracantabria.com\/bodegaprivadadelafamilia\/#website"},"primaryImageOfPage":{"@id":"https:\/\/www.sierracantabria.com\/bodegaprivadadelafamilia\/premium-packs\/horizontal-rioja-2014\/#primaryimage"},"image":{"@id":"https:\/\/www.sierracantabria.com\/bodegaprivadadelafamilia\/premium-packs\/horizontal-rioja-2014\/#primaryimage"},"thumbnailUrl":"https:\/\/www.sierracantabria.com\/bodegaprivadadelafamilia\/wp-content\/uploads\/2020\/07\/Horizontal-Rioja-2016-Coleccion-Privada-2016-San-Vicente-2016-El-Puntido-2016.png","datePublished":"2020-07-25T20:49:31+00:00","dateModified":"2024-07-22T10:37:52+00:00","breadcrumb":{"@id":"https:\/\/www.sierracantabria.com\/bodegaprivadadelafamilia\/premium-packs\/horizontal-rioja-2014\/#breadcrumb"},"inLanguage":"es","potentialAction":[{"@type":"ReadAction","target":["https:\/\/www.sierracantabria.com\/bodegaprivadadelafamilia\/premium-packs\/horizontal-rioja-2014\/"]}]},{"@type":"ImageObject","inLanguage":"es","@id":"https:\/\/www.sierracantabria.com\/bodegaprivadadelafamilia\/premium-packs\/horizontal-rioja-2014\/#primaryimage","url":"https:\/\/www.sierracantabria.com\/bodegaprivadadelafamilia\/wp-content\/uploads\/2020\/07\/Horizontal-Rioja-2016-Coleccion-Privada-2016-San-Vicente-2016-El-Puntido-2016.png","contentUrl":"https:\/\/www.sierracantabria.com\/bodegaprivadadelafamilia\/wp-content\/uploads\/2020\/07\/Horizontal-Rioja-2016-Coleccion-Privada-2016-San-Vicente-2016-El-Puntido-2016.png","width":850,"height":850,"caption":"Horizontal Rioja 2016 Coleccion-Privada-2016-San-Vicente-2016-El-Puntido-2016"},{"@type":"BreadcrumbList","@id":"https:\/\/www.sierracantabria.com\/bodegaprivadadelafamilia\/premium-packs\/horizontal-rioja-2014\/#breadcrumb","itemListElement":[{"@type":"ListItem","position":1,"name":"Portada","item":"https:\/\/www.sierracantabria.com\/bodegaprivadadelafamilia\/"},{"@type":"ListItem","position":2,"name":"Inicio","item":"https:\/\/www.sierracantabria.com\/bodegaprivadadelafamilia\/"},{"@type":"ListItem","position":3,"name":"Horizontal Rioja 2014"}]},{"@type":"WebSite","@id":"https:\/\/www.sierracantabria.com\/bodegaprivadadelafamilia\/#website","url":"https:\/\/www.sierracantabria.com\/bodegaprivadadelafamilia\/","name":"Bodega privada de la Familia de Vi\u00f1edos y Bodegas Sierra Cantabria","description":"La familia Eguren abre su exclusiva bodega de Vi\u00f1edos y Bodegas SIERRA CANTABRIA","potentialAction":[{"@type":"SearchAction","target":{"@type":"EntryPoint","urlTemplate":"https:\/\/www.sierracantabria.com\/bodegaprivadadelafamilia\/?s={search_term_string}"},"query-input":{"@type":"PropertyValueSpecification","valueRequired":true,"valueName":"search_term_string"}}],"inLanguage":"es"}]}},"_links":{"self":[{"href":"https:\/\/www.sierracantabria.com\/bodegaprivadadelafamilia\/wp-json\/wp\/v2\/product\/152","targetHints":{"allow":["GET"]}}],"collection":[{"href":"https:\/\/www.sierracantabria.com\/bodegaprivadadelafamilia\/wp-json\/wp\/v2\/product"}],"about":[{"href":"https:\/\/www.sierracantabria.com\/bodegaprivadadelafamilia\/wp-json\/wp\/v2\/types\/product"}],"wp:featuredmedia":[{"embeddable":true,"href":"https:\/\/www.sierracantabria.com\/bodegaprivadadelafamilia\/wp-json\/wp\/v2\/media\/229"}],"wp:attachment":[{"href":"https:\/\/www.sierracantabria.com\/bodegaprivadadelafamilia\/wp-json\/wp\/v2\/media?parent=152"}],"wp:term":[{"taxonomy":"product_brand","embeddable":true,"href":"https:\/\/www.sierracantabria.com\/bodegaprivadadelafamilia\/wp-json\/wp\/v2\/product_brand?post=152"},{"taxonomy":"product_cat","embeddable":true,"href":"https:\/\/www.sierracantabria.com\/bodegaprivadadelafamilia\/wp-json\/wp\/v2\/product_cat?post=152"},{"taxonomy":"product_tag","embeddable":true,"href":"https:\/\/www.sierracantabria.com\/bodegaprivadadelafamilia\/wp-json\/wp\/v2\/product_tag?post=152"}],"curies":[{"name":"wp","href":"https:\/\/api.w.org\/{rel}","templated":true}]}}