{"id":95,"date":"2020-07-25T12:44:00","date_gmt":"2020-07-25T12:44:00","guid":{"rendered":"https:\/\/www.sierracantabria.com\/bodegaprivadadelafamilia\/?page_id=95"},"modified":"2020-11-10T06:03:42","modified_gmt":"2020-11-10T06:03:42","slug":"aviso-legal","status":"publish","type":"page","link":"https:\/\/www.sierracantabria.com\/bodegaprivadadelafamilia\/aviso-legal\/","title":{"rendered":"Aviso legal"},"content":{"rendered":"\n<h2>\n\t\tAviso Legal\n\t<\/h2>\n\t\n<ol>\n<li><strong>Objeto<\/strong><\/li>\n<\/ol>\n<p><strong><em>Art. 10 LSSI:<\/em><\/strong> www.sierracantabria.com es un dominio en internet de titularidad de VI\u00d1EDOS DE P\u00c1GANOS, S.L con Domicilio Social a CRTA NAVARIDAS-PAGANOS, S\/N (provincia de ALAVA), CIF n\u00ba B01270172 La empresa consta inscrita en el Registro Mercantil de .<\/p>\n\n<p>Este Aviso Legal regula la utilizaci\u00f3n de dicho dominio.<\/p>\n<p>La utilizaci\u00f3n de este sitio web implica la aceptaci\u00f3n por parte del Usuario de las condiciones de uso incluidas en este Aviso como tambi\u00e9n nuestras pol\u00edticas sobre &#8216;Protecci\u00f3n de Datos y Privacidad&#8217; y &#8216;Pol\u00edtica de uso de Cookies&#8217;. En el caso de que ciertos servicios contenidos y\/o herramientas ofrecidos a trav\u00e9s de este \u00abPortal\u00bb requirieran de la aplicaci\u00f3n condiciones particulares estas se pondr\u00e1n a disposici\u00f3n del Usuario.<\/p>\n<p>Por otra parte, VI\u00d1EDOS DE P\u00c1GANOS, S.L advierte que, tanto los contenidos y servicios de esta p\u00e1gina web como las propias condiciones de utilizaci\u00f3n, pueden ser modificados sin notificaci\u00f3n previa.<\/p>\n<ol start=\"2\">\n<li><strong> Condiciones de utilizaci\u00f3n.<\/strong><\/li>\n<\/ol>\n<p>El Usuario se compromete a que, en los apartados en que sea necesario que se registre para poder acceder a los mismos, facilitar datos veraces, exactos y completos sobre su identidad. Adem\u00e1s se compromete a mantener actualizados los datos personales que pudieran ser proporcionados a titular del dominio, por lo tanto, \u00fanico responsable de las falsedades o inexactitudes que realice.<\/p>\n<p>Se informa que en caso de ser menor de edad deber\u00e1 obtener el permiso de sus padres, tutores o representantes legales para poder acceder a los servicios prestados. VI\u00d1EDOS DE P\u00c1GANOS, S.L no se responsabiliza en el caso de que los datos sobre este tema sean inexactos o falsos.<\/p>\n<p>El \u00abportal\u00bb s\u00f3lo puede ser utilizado con prop\u00f3sitos legales por tanto el usuario se obliga a hacer un uso l\u00edcito y honrado del portal y conforme a las presentes Condiciones Generales de Uso, a No utilizar los servicios del \u00abportal\u00bb para la realizaci\u00f3n de actividades contrarias a las legislaci\u00f3n espa\u00f1ola, a la moral y al orden p\u00fablico, asumiendo por parte del usuario todas las responsabilidades de da\u00f1os y perjuicios frente al titular del dominio o terceros que pudieran derivarse de pr\u00e1cticas ilegales o no permitidas entres otras y a titulo enunciativo y no limitativo:<\/p>\n<p>Realizar sin previo consentimiento por parte del titular del dominio cualquier manipulaci\u00f3n o alteraci\u00f3n de esta p\u00e1gina, no asumiendo el titular del dominio ninguna responsabilidad que pudiera derivarse, de dicha manipulaci\u00f3n o alteraci\u00f3n por terceros<\/p>\n<p>Realizar cualquier acto que pueda da\u00f1ar, inutilizar, sobrecargar, o deteriorar el Portal y los servicios y\/o impedir el normal uso y utilizaci\u00f3n por parte de los Usuarios<\/p>\n<p>Introducir y\/o Utilizar programas de ordenador, datos, archivos defectuosos, virus, c\u00f3digo malicioso, equipos inform\u00e1ticos o de telecomunicaciones o cualquier otro, independientemente de su naturaleza que pueda causar da\u00f1os en el Portal, en cualquiera de los servicios, o en cualesquiera activos (f\u00edsicos o l\u00f3gicos) de los sistemas de informaci\u00f3n de titular del dominio<\/p>\n<p>Violar los derechos de terceros a la intimidad, la propia imagen, la protecci\u00f3n de datos al secreto en las comunicaciones, a la propiedad intelectual e industrial.<\/p>\n<p>Ocultar y falsear el origen de mensajes de correo electr\u00f3nico<\/p>\n<p>Utilizar identidades falsas, suplantar la identidad de otros en la utilizaci\u00f3n del Portal o en la utilizaci\u00f3n de cualquiera de los servicios<\/p>\n<p>Reproducir, distribuir, modificar o copiar el contenido de esta p\u00e1gina, salvo que de disponga de la autorizaci\u00f3n del titular del dominio o est\u00e9 legalmente autorizado.<\/p>\n<p>Transmitir a terceros no autorizados los nombres de Usuario y las claves de acceso<\/p>\n<p>VI\u00d1EDOS DE P\u00c1GANOS, S.L no responde de los Enlaces (LINKS) a otras p\u00e1ginas de Internet de terceros y su existencia no implica que VI\u00d1EDOS DE P\u00c1GANOS, S.L apruebe o acepte sus contenidos y servicios. Estas otras p\u00e1ginas web no est\u00e1n controladas por VI\u00d1EDOS DE P\u00c1GANOS, S.L ni cubiertas por la presente Pol\u00edtica de Privacidad. Si accede a otras p\u00e1ginas web utilizando los Links proporcionados, los operadores de dichos sitios web podr\u00e1n recoger su informaci\u00f3n personal. Aseg\u00farese que est\u00e1 conforme con las Pol\u00edticas de Privacidad de estas terceras p\u00e1ginas web antes de facilitar ning\u00fan tipo de informaci\u00f3n personal.<\/p>\n<p>Con car\u00e1cter general, el titular del dominio, excluye su responsabilidad por los da\u00f1os y perjuicios de cualquier naturaleza e \u00edndole que pudieran derivarse del uso del sitio web de, as\u00ed como a los da\u00f1os y perjuicios derivados de la infracci\u00f3n de los derechos de propiedad Intelectual e Industrial por parte de los usuarios y\/o la falta de veracidad, exactitud, y actualidad de los contenidos, ni le podr\u00e1n ser exigidas responsabilidades por la interrupci\u00f3n del servicio, inadecuado funcionamiento o imposibilidad de acceso al servicio.<\/p>\n<p>El titular del dominio no ser\u00e1 responsable por los da\u00f1os y perjuicios causados por la presencia de virus o cualquier otro software lesivo que pueda producir alteraciones en el sistema inform\u00e1tico del Usuario.<\/p>\n<p>El sitio web, incluyendo a t\u00edtulo enunciativo pero no limitativo, su programaci\u00f3n, dise\u00f1os, logotipos, texto y\/o gr\u00e1ficos son propiedad del prestador o en su caso dispone de licencia o autorizaci\u00f3n expresa por parte de los autores.<\/p>\n<p>Independientemente de la finalidad para la que fueran destinados, la reproducci\u00f3n total o parcial, uso, explotaci\u00f3n, distribuci\u00f3n y comercializaci\u00f3n, requiere en todo caso de la autorizaci\u00f3n escrita previa por parte del titular del dominio.<\/p>\n<p>El usuario se compromete a no realizar ning\u00fan acto en contra de los derechos de propiedad intelectual o industrial del autor.<\/p>\n<p>El prestador autoriza expresamente a que terceros puedan redirigir directamente a los contenidos concretos del sitio web, debiendo en todo caso redirigir al sitio web principal del prestador.<\/p>\n<ol start=\"3\">\n<li><strong>Uso de cookies<\/strong><\/li>\n<\/ol>\n<p>VI\u00d1EDOS DE P\u00c1GANOS, S.L\u00a0\u00a0 como titular de esta web declara que utiliza procedimientos autom\u00e1ticos de recogida de informaci\u00f3n para guardar el registro de los Usuarios que visitan su p\u00e1gina web.<\/p>\n\n<ol start=\"4\">\n<li><strong> Protecci\u00f3n de datos<\/strong><\/li>\n<\/ol>\n\n<ol start=\"5\">\n<li><strong> Legislaci\u00f3n aplicable<\/strong><\/li>\n<\/ol>\n<p>Las presentes Condiciones se regir\u00e1n en todo momento por lo dispuesto en la legislaci\u00f3n espa\u00f1ola.<\/p>\n\n","protected":false},"excerpt":{"rendered":"<p>Aviso Legal Objeto Art. 10 LSSI: www.sierracantabria.com es un dominio en internet de titularidad de VI\u00d1EDOS DE P\u00c1GANOS, S.L con Domicilio Social a CRTA NAVARIDAS-PAGANOS, S\/N (provincia de ALAVA), CIF n\u00ba B01270172 La empresa consta inscrita en el Registro Mercantil de . Este Aviso Legal regula la utilizaci\u00f3n de dicho dominio. La utilizaci\u00f3n de este&hellip;<\/p>\n","protected":false},"author":1,"featured_media":0,"parent":0,"menu_order":0,"comment_status":"closed","ping_status":"closed","template":"","meta":{"_acf_changed":false,"footnotes":""},"class_list":["post-95","page","type-page","status-publish","hentry"],"acf":[],"yoast_head":"<!-- This site is optimized with the Yoast SEO plugin v26.4 - https:\/\/yoast.com\/wordpress\/plugins\/seo\/ -->\n<title>Aviso legal - Bodega privada de la Familia de Vi\u00f1edos y Bodegas Sierra Cantabria<\/title>\n<meta name=\"robots\" content=\"index, follow, max-snippet:-1, max-image-preview:large, max-video-preview:-1\" \/>\n<link rel=\"canonical\" href=\"https:\/\/www.sierracantabria.com\/bodegaprivadadelafamilia\/aviso-legal\/\" \/>\n<meta property=\"og:locale\" content=\"es_ES\" \/>\n<meta property=\"og:type\" content=\"article\" \/>\n<meta property=\"og:title\" content=\"Aviso legal - Bodega privada de la Familia de Vi\u00f1edos y Bodegas Sierra Cantabria\" \/>\n<meta property=\"og:description\" content=\"Aviso Legal Objeto Art. 10 LSSI: www.sierracantabria.com es un dominio en internet de titularidad de VI\u00d1EDOS DE P\u00c1GANOS, S.L con Domicilio Social a CRTA NAVARIDAS-PAGANOS, S\/N (provincia de ALAVA), CIF n\u00ba B01270172 La empresa consta inscrita en el Registro Mercantil de . Este Aviso Legal regula la utilizaci\u00f3n de dicho dominio. La utilizaci\u00f3n de este&hellip;\" \/>\n<meta property=\"og:url\" content=\"https:\/\/www.sierracantabria.com\/bodegaprivadadelafamilia\/aviso-legal\/\" \/>\n<meta property=\"og:site_name\" content=\"Bodega privada de la Familia de Vi\u00f1edos y Bodegas Sierra Cantabria\" \/>\n<meta property=\"article:modified_time\" content=\"2020-11-10T06:03:42+00:00\" \/>\n<meta name=\"twitter:card\" content=\"summary_large_image\" \/>\n<meta name=\"twitter:label1\" content=\"Tiempo de lectura\" \/>\n\t<meta name=\"twitter:data1\" content=\"5 minutos\" \/>\n<script type=\"application\/ld+json\" class=\"yoast-schema-graph\">{\"@context\":\"https:\/\/schema.org\",\"@graph\":[{\"@type\":\"WebPage\",\"@id\":\"https:\/\/www.sierracantabria.com\/bodegaprivadadelafamilia\/aviso-legal\/\",\"url\":\"https:\/\/www.sierracantabria.com\/bodegaprivadadelafamilia\/aviso-legal\/\",\"name\":\"Aviso legal - Bodega privada de la Familia de Vi\u00f1edos y Bodegas Sierra Cantabria\",\"isPartOf\":{\"@id\":\"https:\/\/www.sierracantabria.com\/bodegaprivadadelafamilia\/#website\"},\"datePublished\":\"2020-07-25T12:44:00+00:00\",\"dateModified\":\"2020-11-10T06:03:42+00:00\",\"breadcrumb\":{\"@id\":\"https:\/\/www.sierracantabria.com\/bodegaprivadadelafamilia\/aviso-legal\/#breadcrumb\"},\"inLanguage\":\"es\",\"potentialAction\":[{\"@type\":\"ReadAction\",\"target\":[\"https:\/\/www.sierracantabria.com\/bodegaprivadadelafamilia\/aviso-legal\/\"]}]},{\"@type\":\"BreadcrumbList\",\"@id\":\"https:\/\/www.sierracantabria.com\/bodegaprivadadelafamilia\/aviso-legal\/#breadcrumb\",\"itemListElement\":[{\"@type\":\"ListItem\",\"position\":1,\"name\":\"Portada\",\"item\":\"https:\/\/www.sierracantabria.com\/bodegaprivadadelafamilia\/\"},{\"@type\":\"ListItem\",\"position\":2,\"name\":\"Aviso legal\"}]},{\"@type\":\"WebSite\",\"@id\":\"https:\/\/www.sierracantabria.com\/bodegaprivadadelafamilia\/#website\",\"url\":\"https:\/\/www.sierracantabria.com\/bodegaprivadadelafamilia\/\",\"name\":\"Bodega privada de la Familia de Vi\u00f1edos y Bodegas Sierra Cantabria\",\"description\":\"La familia Eguren abre su exclusiva bodega de Vi\u00f1edos y Bodegas SIERRA CANTABRIA\",\"potentialAction\":[{\"@type\":\"SearchAction\",\"target\":{\"@type\":\"EntryPoint\",\"urlTemplate\":\"https:\/\/www.sierracantabria.com\/bodegaprivadadelafamilia\/?s={search_term_string}\"},\"query-input\":{\"@type\":\"PropertyValueSpecification\",\"valueRequired\":true,\"valueName\":\"search_term_string\"}}],\"inLanguage\":\"es\"}]}<\/script>\n<!-- \/ Yoast SEO plugin. -->","yoast_head_json":{"title":"Aviso legal - Bodega privada de la Familia de Vi\u00f1edos y Bodegas Sierra Cantabria","robots":{"index":"index","follow":"follow","max-snippet":"max-snippet:-1","max-image-preview":"max-image-preview:large","max-video-preview":"max-video-preview:-1"},"canonical":"https:\/\/www.sierracantabria.com\/bodegaprivadadelafamilia\/aviso-legal\/","og_locale":"es_ES","og_type":"article","og_title":"Aviso legal - Bodega privada de la Familia de Vi\u00f1edos y Bodegas Sierra Cantabria","og_description":"Aviso Legal Objeto Art. 10 LSSI: www.sierracantabria.com es un dominio en internet de titularidad de VI\u00d1EDOS DE P\u00c1GANOS, S.L con Domicilio Social a CRTA NAVARIDAS-PAGANOS, S\/N (provincia de ALAVA), CIF n\u00ba B01270172 La empresa consta inscrita en el Registro Mercantil de . Este Aviso Legal regula la utilizaci\u00f3n de dicho dominio. La utilizaci\u00f3n de este&hellip;","og_url":"https:\/\/www.sierracantabria.com\/bodegaprivadadelafamilia\/aviso-legal\/","og_site_name":"Bodega privada de la Familia de Vi\u00f1edos y Bodegas Sierra Cantabria","article_modified_time":"2020-11-10T06:03:42+00:00","twitter_card":"summary_large_image","twitter_misc":{"Tiempo de lectura":"5 minutos"},"schema":{"@context":"https:\/\/schema.org","@graph":[{"@type":"WebPage","@id":"https:\/\/www.sierracantabria.com\/bodegaprivadadelafamilia\/aviso-legal\/","url":"https:\/\/www.sierracantabria.com\/bodegaprivadadelafamilia\/aviso-legal\/","name":"Aviso legal - Bodega privada de la Familia de Vi\u00f1edos y Bodegas Sierra Cantabria","isPartOf":{"@id":"https:\/\/www.sierracantabria.com\/bodegaprivadadelafamilia\/#website"},"datePublished":"2020-07-25T12:44:00+00:00","dateModified":"2020-11-10T06:03:42+00:00","breadcrumb":{"@id":"https:\/\/www.sierracantabria.com\/bodegaprivadadelafamilia\/aviso-legal\/#breadcrumb"},"inLanguage":"es","potentialAction":[{"@type":"ReadAction","target":["https:\/\/www.sierracantabria.com\/bodegaprivadadelafamilia\/aviso-legal\/"]}]},{"@type":"BreadcrumbList","@id":"https:\/\/www.sierracantabria.com\/bodegaprivadadelafamilia\/aviso-legal\/#breadcrumb","itemListElement":[{"@type":"ListItem","position":1,"name":"Portada","item":"https:\/\/www.sierracantabria.com\/bodegaprivadadelafamilia\/"},{"@type":"ListItem","position":2,"name":"Aviso legal"}]},{"@type":"WebSite","@id":"https:\/\/www.sierracantabria.com\/bodegaprivadadelafamilia\/#website","url":"https:\/\/www.sierracantabria.com\/bodegaprivadadelafamilia\/","name":"Bodega privada de la Familia de Vi\u00f1edos y Bodegas Sierra Cantabria","description":"La familia Eguren abre su exclusiva bodega de Vi\u00f1edos y Bodegas SIERRA CANTABRIA","potentialAction":[{"@type":"SearchAction","target":{"@type":"EntryPoint","urlTemplate":"https:\/\/www.sierracantabria.com\/bodegaprivadadelafamilia\/?s={search_term_string}"},"query-input":{"@type":"PropertyValueSpecification","valueRequired":true,"valueName":"search_term_string"}}],"inLanguage":"es"}]}},"_links":{"self":[{"href":"https:\/\/www.sierracantabria.com\/bodegaprivadadelafamilia\/wp-json\/wp\/v2\/pages\/95","targetHints":{"allow":["GET"]}}],"collection":[{"href":"https:\/\/www.sierracantabria.com\/bodegaprivadadelafamilia\/wp-json\/wp\/v2\/pages"}],"about":[{"href":"https:\/\/www.sierracantabria.com\/bodegaprivadadelafamilia\/wp-json\/wp\/v2\/types\/page"}],"author":[{"embeddable":true,"href":"https:\/\/www.sierracantabria.com\/bodegaprivadadelafamilia\/wp-json\/wp\/v2\/users\/1"}],"replies":[{"embeddable":true,"href":"https:\/\/www.sierracantabria.com\/bodegaprivadadelafamilia\/wp-json\/wp\/v2\/comments?post=95"}],"version-history":[{"count":6,"href":"https:\/\/www.sierracantabria.com\/bodegaprivadadelafamilia\/wp-json\/wp\/v2\/pages\/95\/revisions"}],"predecessor-version":[{"id":503,"href":"https:\/\/www.sierracantabria.com\/bodegaprivadadelafamilia\/wp-json\/wp\/v2\/pages\/95\/revisions\/503"}],"wp:attachment":[{"href":"https:\/\/www.sierracantabria.com\/bodegaprivadadelafamilia\/wp-json\/wp\/v2\/media?parent=95"}],"curies":[{"name":"wp","href":"https:\/\/api.w.org\/{rel}","templated":true}]}}